{"id":1248,"date":"2025-04-30T14:44:31","date_gmt":"2025-04-30T14:44:31","guid":{"rendered":"https:\/\/new.metalindustriel.com\/maerkte\/"},"modified":"2025-07-01T19:20:56","modified_gmt":"2025-07-01T19:20:56","slug":"aeronautik","status":"publish","type":"page","link":"https:\/\/www.metalindustriel.com\/de\/markte\/aeronautik\/","title":{"rendered":"Luft- und Raumfahrt"},"content":{"rendered":"<div class=\"et_pb_section_0 et_pb_section et_section_regular et_flex_section\">\n<div class=\"et_pb_row_0 et_pb_row et_flex_row\">\n<div class=\"et_pb_column_0 et_pb_column et-last-child et_flex_column et_pb_css_mix_blend_mode_passthrough et_flex_column_24_24 et_flex_column_24_24_tablet et_flex_column_24_24_phone et_flex_column_24_24_tabletWide et_flex_column_24_24_widescreen\">\n<div class=\"et_pb_text_0 et_pb_text et_pb_bg_layout_light et_pb_module et_flex_module preset--module--divi-text--default\"><div class=\"et_pb_text_inner\"><p><!-- wp:divi\/placeholder \/--><\/p>\n<\/div><\/div>\n<\/div>\n<\/div>\n\n<div class=\"et_pb_row_1 et_pb_row et_flex_row\">\n<div class=\"et_pb_column_1 et_pb_column et-last-child et_flex_column et_pb_css_mix_blend_mode_passthrough et_flex_column_24_24 et_flex_column_24_24_tablet et_flex_column_24_24_phone et_flex_column_24_24_tabletWide et_flex_column_24_24_widescreen\">\n<div class=\"et_pb_text_1 et_pb_text et_pb_bg_layout_light et_pb_module et_flex_module preset--module--divi-text--default\"><div class=\"et_pb_text_inner\"><h1>M\u00e4rkte<\/h1>\n<\/div><\/div>\n<\/div>\n<\/div>\n<\/div>\n\n<div class=\"et_pb_section_1 et_pb_section et_section_regular et_flex_section\">\n<div class=\"et_pb_row_2 et_pb_row et_flex_row custom-grid\">\n<div class=\"et_pb_column_2 et_pb_column et_flex_column et_pb_css_mix_blend_mode_passthrough et_flex_column_24_24 et_flex_column_24_24_tablet et_flex_column_24_24_phone et_flex_column_24_24_tabletWide et_flex_column_24_24_widescreen\">\n<div class=\"et_pb_module et_pb_button_module_wrapper et_pb_button_0_wrapper\"><a class=\"et_pb_button_0 et_pb_button et_pb_bg_layout_light et_pb_module et_flex_module\" href=\"\">Luft- und Raumfahrt<\/a><\/div>\n<\/div>\n\n<div class=\"et_pb_column_3 et_pb_column et_flex_column et_pb_css_mix_blend_mode_passthrough et_flex_column_24_24 et_flex_column_24_24_tablet et_flex_column_24_24_phone et_flex_column_24_24_tabletWide et_flex_column_24_24_widescreen\">\n<div class=\"et_pb_module et_pb_button_module_wrapper et_pb_button_1_wrapper\"><a class=\"et_pb_button_1 et_pb_button et_pb_bg_layout_light et_pb_module et_flex_module\" href=\"https:\/\/www.metalindustriel.com\/de\/markte\/petrochemie\/\">Petrochemie<\/a><\/div>\n<\/div>\n\n<div class=\"et_pb_column_4 et_pb_column et_flex_column et_pb_css_mix_blend_mode_passthrough et_flex_column_24_24 et_flex_column_24_24_tablet et_flex_column_24_24_phone et_flex_column_24_24_tabletWide et_flex_column_24_24_widescreen\">\n<div class=\"et_pb_module et_pb_button_module_wrapper et_pb_button_2_wrapper\"><a class=\"et_pb_button_2 et_pb_button et_pb_bg_layout_light et_pb_module et_flex_module\" href=\"https:\/\/www.metalindustriel.com\/de\/markte\/offshore\/\">Off-Shore<\/a><\/div>\n<\/div>\n\n<div class=\"et_pb_column_5 et_pb_column et_flex_column et_pb_css_mix_blend_mode_passthrough et_flex_column_24_24 et_flex_column_24_24_tablet et_flex_column_24_24_phone et_flex_column_24_24_tabletWide et_flex_column_24_24_widescreen\">\n<div class=\"et_pb_module et_pb_button_module_wrapper et_pb_button_3_wrapper\"><a class=\"et_pb_button_3 et_pb_button et_pb_bg_layout_light et_pb_module et_flex_module\" href=\"https:\/\/www.metalindustriel.com\/de\/markte\/industriearmaturen\/\">Industriearmaturen<\/a><\/div>\n<\/div>\n\n<div class=\"et_pb_column_6 et_pb_column et-last-child et_flex_column et_pb_css_mix_blend_mode_passthrough et_flex_column_24_24 et_flex_column_24_24_tablet et_flex_column_24_24_phone et_flex_column_24_24_tabletWide et_flex_column_24_24_widescreen\">\n<div class=\"et_pb_module et_pb_button_module_wrapper et_pb_button_4_wrapper\"><a class=\"et_pb_button_4 et_pb_button et_pb_bg_layout_light et_pb_module et_flex_module\" href=\"https:\/\/www.metalindustriel.com\/de\/markte\/instandhaltung\/\">Instandhaltung<\/a><\/div>\n<\/div>\n<\/div>\n<\/div>\n\n<div class=\"et_pb_section_2 et_pb_section et_section_regular et_flex_section\">\n<div class=\"et_pb_row_3 et_pb_row et_flex_row\">\n<div class=\"et_pb_column_7 et_pb_column et_flex_column et_pb_css_mix_blend_mode_passthrough et_flex_column_24_24 et_flex_column_24_24_tablet et_flex_column_24_24_phone et_flex_column_24_24_tabletWide et_flex_column_24_24_widescreen\">\n<div class=\"et_pb_image_0 et_pb_image et_pb_module et_flex_module\"><span class=\"et_pb_image_wrap\"><img loading=\"lazy\" decoding=\"async\" src=\"https:\/\/www.metalindustriel.com\/wp-content\/uploads\/2025\/05\/Aerospace.jpg\" width=\"600\" height=\"655\" srcset=\"https:\/\/www.metalindustriel.com\/wp-content\/uploads\/2025\/05\/Aerospace.jpg 600w, https:\/\/www.metalindustriel.com\/wp-content\/uploads\/2025\/05\/Aerospace-480x524.jpg 480w\" sizes=\"(min-width: 0px) and (max-width: 480px) 480px, (min-width: 481px) 600px, 100vw\" class=\"wp-image-2234\" \/><\/span><\/div>\n<\/div>\n\n<div class=\"et_pb_column_8 et_pb_column et-last-child et_flex_column et_pb_css_mix_blend_mode_passthrough et_flex_column_24_24 et_flex_column_24_24_tablet et_flex_column_24_24_phone et_flex_column_24_24_tabletWide et_flex_column_24_24_widescreen\">\n<div class=\"et_pb_text_2 et_pb_text et_pb_bg_layout_light et_pb_module et_flex_module preset--module--divi-text--default\"><div class=\"et_pb_text_inner\"><h1>AERONAUTIK<\/h1>\n<\/div><\/div>\n\n<div class=\"et_pb_text_3 et_pb_text et_pb_bg_layout_light et_pb_module et_flex_module preset--module--divi-text--default\"><div class=\"et_pb_text_inner\"><p><span>Standardprodukte nach der AMS-Norm sind f\u00fcr Hersteller in der Luftfahrtindustrie unerl\u00e4sslich, um sicherzustellen, dass der Lieferant das richtige Material liefert. Metal Industriel ist ein wichtiger Partner bei der Lieferung von AMS-Standardlegierungen f\u00fcr M\u00e4rkte in der Luftfahrtindustrie. <\/span><\/p>\n<\/div><\/div>\n\n<div class=\"et_pb_text_4 et_pb_text et_pb_bg_layout_light et_pb_module et_flex_module preset--module--divi-text--default\"><div class=\"et_pb_text_inner\"><p><span>Dank ihrer hohen mechanischen Eigenschaften (niedriger Reibungskoeffizient, Korrosionsbest\u00e4ndigkeit, Stabilit\u00e4t bei extremen Temperaturen) sind unsere Kupferlegierungen heute ein Ma\u00dfstab in der Luftfahrt.<\/span><\/p>\n<\/div><\/div>\n\n<div class=\"et_pb_text_5 et_pb_text et_pb_bg_layout_light et_pb_module et_flex_module preset--module--divi-text--default\"><div class=\"et_pb_text_inner\"><p><span>Produkte:<a href=\"\/de\/produkte\/aluminium-bronze\/\"> AMS 4880<\/a><\/span><\/p>\n<\/div><\/div>\n<\/div>\n<\/div>\n<\/div>","protected":false},"excerpt":{"rendered":"","protected":false},"author":1,"featured_media":0,"parent":2951,"menu_order":1,"comment_status":"closed","ping_status":"closed","template":"","meta":{"footnotes":""},"class_list":["post-1248","page","type-page","status-publish","hentry"],"_links":{"self":[{"href":"https:\/\/www.metalindustriel.com\/de\/wp-json\/wp\/v2\/pages\/1248","targetHints":{"allow":["GET"]}}],"collection":[{"href":"https:\/\/www.metalindustriel.com\/de\/wp-json\/wp\/v2\/pages"}],"about":[{"href":"https:\/\/www.metalindustriel.com\/de\/wp-json\/wp\/v2\/types\/page"}],"author":[{"embeddable":true,"href":"https:\/\/www.metalindustriel.com\/de\/wp-json\/wp\/v2\/users\/1"}],"replies":[{"embeddable":true,"href":"https:\/\/www.metalindustriel.com\/de\/wp-json\/wp\/v2\/comments?post=1248"}],"version-history":[{"count":24,"href":"https:\/\/www.metalindustriel.com\/de\/wp-json\/wp\/v2\/pages\/1248\/revisions"}],"predecessor-version":[{"id":3696,"href":"https:\/\/www.metalindustriel.com\/de\/wp-json\/wp\/v2\/pages\/1248\/revisions\/3696"}],"up":[{"embeddable":true,"href":"https:\/\/www.metalindustriel.com\/de\/wp-json\/wp\/v2\/pages\/2951"}],"wp:attachment":[{"href":"https:\/\/www.metalindustriel.com\/de\/wp-json\/wp\/v2\/media?parent=1248"}],"curies":[{"name":"wp","href":"https:\/\/api.w.org\/{rel}","templated":true}]}}