{"id":1253,"date":"2025-04-30T14:44:02","date_gmt":"2025-04-30T14:44:02","guid":{"rendered":"https:\/\/new.metalindustriel.com\/produkte\/"},"modified":"2025-07-14T23:09:45","modified_gmt":"2025-07-14T23:09:45","slug":"aluminium-bronze","status":"publish","type":"page","link":"https:\/\/www.metalindustriel.com\/de\/produkte\/aluminium-bronze\/","title":{"rendered":"Aluminium-Bronze"},"content":{"rendered":"<div class=\"et_pb_section_0 et_pb_section et_section_regular et_flex_section\">\n<div class=\"et_pb_row_0 et_pb_row et_flex_row\">\n<div class=\"et_pb_column_0 et_pb_column et-last-child et_flex_column et_pb_css_mix_blend_mode_passthrough et_flex_column_24_24 et_flex_column_24_24_tablet et_flex_column_24_24_phone et_flex_column_24_24_tabletWide et_flex_column_24_24_widescreen\">\n<div class=\"et_pb_text_0 et_pb_text et_pb_bg_layout_light et_pb_module et_flex_module preset--module--divi-text--default\"><div class=\"et_pb_text_inner\"><p><!-- wp:divi\/placeholder \/--><\/p>\n<\/div><\/div>\n<\/div>\n<\/div>\n\n<div class=\"et_pb_row_1 et_pb_row et_flex_row\">\n<div class=\"et_pb_column_1 et_pb_column et-last-child et_flex_column et_pb_css_mix_blend_mode_passthrough et_flex_column_24_24 et_flex_column_24_24_tablet et_flex_column_24_24_phone et_flex_column_24_24_tabletWide et_flex_column_24_24_widescreen\">\n<div class=\"et_pb_text_1 et_pb_text et_pb_bg_layout_light et_pb_module et_flex_module preset--module--divi-text--default\"><div class=\"et_pb_text_inner\"><h1>Produkte<\/h1>\n<\/div><\/div>\n<\/div>\n<\/div>\n<\/div>\n\n<div class=\"et_pb_section_1 et_pb_section et_section_regular et_flex_section\">\n<div class=\"et_pb_row_2 et_pb_row et_flex_row custom-grid\">\n<div class=\"et_pb_column_2 et_pb_column et_flex_column et_pb_css_mix_blend_mode_passthrough et_flex_column_24_24 et_flex_column_24_24_tablet et_flex_column_24_24_phone et_flex_column_24_24_tabletWide et_flex_column_24_24_widescreen\">\n<div class=\"et_pb_module et_pb_button_module_wrapper et_pb_button_0_wrapper\"><a class=\"et_pb_button_0 et_pb_button et_pb_bg_layout_light et_pb_module et_flex_module\" href=\"\">Aluminium-Bronze<\/a><\/div>\n<\/div>\n\n<div class=\"et_pb_column_3 et_pb_column et_flex_column et_pb_css_mix_blend_mode_passthrough et_flex_column_24_24 et_flex_column_24_24_tablet et_flex_column_24_24_phone et_flex_column_24_24_tabletWide et_flex_column_24_24_widescreen\">\n<div class=\"et_pb_module et_pb_button_module_wrapper et_pb_button_1_wrapper\"><a class=\"et_pb_button_1 et_pb_button et_pb_bg_layout_light et_pb_module et_flex_module\" href=\"https:\/\/www.metalindustriel.com\/de\/produkte\/kupfer-nickel-legierungen\/\">Kupfer-Nickel-Legierungen<\/a><\/div>\n<\/div>\n\n<div class=\"et_pb_column_4 et_pb_column et_flex_column et_pb_css_mix_blend_mode_passthrough et_flex_column_24_24 et_flex_column_24_24_tablet et_flex_column_24_24_phone et_flex_column_24_24_tabletWide et_flex_column_24_24_widescreen\">\n<div class=\"et_pb_module et_pb_button_module_wrapper et_pb_button_2_wrapper\"><a class=\"et_pb_button_2 et_pb_button et_pb_bg_layout_light et_pb_module et_flex_module\" href=\"https:\/\/www.metalindustriel.com\/de\/produkte\/hochfestes-messing\/\">Hochfestes Messing<\/a><\/div>\n<\/div>\n\n<div class=\"et_pb_column_5 et_pb_column et_flex_column et_pb_css_mix_blend_mode_passthrough et_flex_column_24_24 et_flex_column_24_24_tablet et_flex_column_24_24_phone et_flex_column_24_24_tabletWide et_flex_column_24_24_widescreen\">\n<div class=\"et_pb_module et_pb_button_module_wrapper et_pb_button_3_wrapper\"><a class=\"et_pb_button_3 et_pb_button et_pb_bg_layout_light et_pb_module et_flex_module\" href=\"https:\/\/www.metalindustriel.com\/de\/produkte\/zinn-bronze\/\">Zinn-Bronze<\/a><\/div>\n<\/div>\n\n<div class=\"et_pb_column_6 et_pb_column et-last-child et_flex_column et_pb_css_mix_blend_mode_passthrough et_flex_column_24_24 et_flex_column_24_24_tablet et_flex_column_24_24_phone et_flex_column_24_24_tabletWide et_flex_column_24_24_widescreen\">\n<div class=\"et_pb_module et_pb_button_module_wrapper et_pb_button_4_wrapper\"><a class=\"et_pb_button_4 et_pb_button et_pb_bg_layout_light et_pb_module et_flex_module\" href=\"https:\/\/www.metalindustriel.com\/de\/produkte\/glasherstellung\/\">Speziallegierungen f\u00fcr die Glasindustrie<\/a><\/div>\n<\/div>\n<\/div>\n<\/div>\n\n<div class=\"et_pb_section_2 et_pb_section et_section_regular et_flex_section\">\n<div class=\"et_pb_row_3 et_pb_row et_flex_row\">\n<div class=\"et_pb_column_7 et_pb_column et_flex_column et_pb_css_mix_blend_mode_passthrough et_flex_column_24_24 et_flex_column_24_24_tablet et_flex_column_24_24_phone et_flex_column_24_24_tabletWide et_flex_column_24_24_widescreen\">\n<div class=\"et_pb_image_0 et_pb_image et_pb_module et_flex_module\"><span class=\"et_pb_image_wrap\"><img loading=\"lazy\" decoding=\"async\" src=\"https:\/\/www.metalindustriel.com\/wp-content\/uploads\/2025\/05\/MainProduct-img.png\" title=\"MainProduct-img\" width=\"354\" height=\"354\" srcset=\"https:\/\/www.metalindustriel.com\/wp-content\/uploads\/2025\/05\/MainProduct-img.png 354w, https:\/\/www.metalindustriel.com\/wp-content\/uploads\/2025\/05\/MainProduct-img-300x300.png 300w, https:\/\/www.metalindustriel.com\/wp-content\/uploads\/2025\/05\/MainProduct-img-150x150.png 150w\" sizes=\"(max-width: 354px) 100vw, 354px\" class=\"wp-image-892\" \/><\/span><\/div>\n<\/div>\n\n<div class=\"et_pb_column_8 et_pb_column et-last-child et_flex_column et_pb_css_mix_blend_mode_passthrough et_flex_column_24_24 et_flex_column_24_24_tablet et_flex_column_24_24_phone et_flex_column_24_24_tabletWide et_flex_column_24_24_widescreen\">\n<div class=\"et_pb_text_2 et_pb_text et_pb_bg_layout_light et_pb_module et_flex_module preset--module--divi-text--default\"><div class=\"et_pb_text_inner\" data-et-mv-hidden-phone=\"true\"><h1>ALUMINIUM-BRONZE<\/h1>\n<\/div><\/div>\n\n<div class=\"et_pb_text_3 et_pb_text et_pb_bg_layout_light et_pb_module et_flex_module preset--module--divi-text--default\"><div class=\"et_pb_text_inner\" data-et-mv-hidden-phone=\"true\"><p>Diese Legierung hat eine sehr gute Best\u00e4ndigkeit gegen korrosive Umgebungen (Salzwasser, S\u00e4ure, \u2026), Verschlei\u00df, Abrieb, St\u00f6\u00dfe und Druck.<\/p>\n<p>Schmiedbar und schwei\u00dfbar.<\/p>\n<\/div><\/div>\n<\/div>\n<\/div>\n<\/div>\n\n<div class=\"et_pb_section_3 et_pb_section et_section_regular et_flex_section\">\n<div class=\"et_pb_row_4 et_pb_row et_flex_row\">\n<div class=\"et_pb_column_9 et_pb_column et-last-child et_flex_column et_pb_css_mix_blend_mode_passthrough et_flex_column_24_24 et_flex_column_24_24_tablet et_flex_column_24_24_phone et_flex_column_24_24_tabletWide et_flex_column_24_24_widescreen\">\n<div class=\"et_pb_text_4 et_pb_text et_pb_bg_layout_light et_pb_module et_flex_module preset--module--divi-text--default\"><div class=\"et_pb_text_inner\"><h2>Es wird f\u00fcr folgenden Industrien empfohlen:<\/h2>\n<\/div><\/div>\n<\/div>\n<\/div>\n\n<div class=\"et_pb_row_5 et_pb_row et_flex_row\">\n<div class=\"et_pb_column_10 et_pb_column et_flex_column et_pb_css_mix_blend_mode_passthrough et_flex_column_24_24 et_flex_column_24_24_tablet et_flex_column_24_24_phone et_flex_column_24_24_tabletWide et_flex_column_24_24_widescreen\">\n<div class=\"et_pb_image_1 et_pb_image et_pb_module et_flex_module\"><span class=\"et_pb_image_wrap\"><img loading=\"lazy\" decoding=\"async\" src=\"https:\/\/www.metalindustriel.com\/wp-content\/uploads\/2025\/05\/naval-img.png\" title=\"naval-img\" width=\"370\" height=\"370\" srcset=\"https:\/\/www.metalindustriel.com\/wp-content\/uploads\/2025\/05\/naval-img.png 370w, https:\/\/www.metalindustriel.com\/wp-content\/uploads\/2025\/05\/naval-img-300x300.png 300w, https:\/\/www.metalindustriel.com\/wp-content\/uploads\/2025\/05\/naval-img-150x150.png 150w\" sizes=\"(max-width: 370px) 100vw, 370px\" class=\"wp-image-893\" \/><\/span><\/div>\n\n<div class=\"et_pb_text_5 et_pb_text et_pb_bg_layout_light et_pb_module et_flex_module preset--module--divi-text--default\"><div class=\"et_pb_text_inner\"><p>Marine<\/p>\n<\/div><\/div>\n<\/div>\n\n<div class=\"et_pb_column_11 et_pb_column et_flex_column et_pb_css_mix_blend_mode_passthrough et_flex_column_24_24 et_flex_column_24_24_tablet et_flex_column_24_24_phone et_flex_column_24_24_tabletWide et_flex_column_24_24_widescreen\">\n<div class=\"et_pb_image_2 et_pb_image et_pb_module et_flex_module\"><span class=\"et_pb_image_wrap\"><img loading=\"lazy\" decoding=\"async\" src=\"https:\/\/www.metalindustriel.com\/wp-content\/uploads\/2025\/05\/hydraulic-img.png\" title=\"hydraulic-img\" width=\"370\" height=\"370\" srcset=\"https:\/\/www.metalindustriel.com\/wp-content\/uploads\/2025\/05\/hydraulic-img.png 370w, https:\/\/www.metalindustriel.com\/wp-content\/uploads\/2025\/05\/hydraulic-img-300x300.png 300w, https:\/\/www.metalindustriel.com\/wp-content\/uploads\/2025\/05\/hydraulic-img-150x150.png 150w\" sizes=\"(max-width: 370px) 100vw, 370px\" class=\"wp-image-891\" \/><\/span><\/div>\n\n<div class=\"et_pb_text_6 et_pb_text et_pb_bg_layout_light et_pb_module et_flex_module preset--module--divi-text--default\"><div class=\"et_pb_text_inner\"><p>Hydraulik<\/p>\n<\/div><\/div>\n<\/div>\n\n<div class=\"et_pb_column_12 et_pb_column et_flex_column et_pb_css_mix_blend_mode_passthrough et_flex_column_24_24 et_flex_column_24_24_tablet et_flex_column_24_24_phone et_flex_column_24_24_tabletWide et_flex_column_24_24_widescreen\">\n<div class=\"et_pb_image_3 et_pb_image et_pb_module et_flex_module\"><span class=\"et_pb_image_wrap\"><img loading=\"lazy\" decoding=\"async\" src=\"https:\/\/www.metalindustriel.com\/wp-content\/uploads\/2025\/05\/chemical-img.png\" title=\"chemical-img\" width=\"370\" height=\"370\" srcset=\"https:\/\/www.metalindustriel.com\/wp-content\/uploads\/2025\/05\/chemical-img.png 370w, https:\/\/www.metalindustriel.com\/wp-content\/uploads\/2025\/05\/chemical-img-300x300.png 300w, https:\/\/www.metalindustriel.com\/wp-content\/uploads\/2025\/05\/chemical-img-150x150.png 150w\" sizes=\"(max-width: 370px) 100vw, 370px\" class=\"wp-image-890\" \/><\/span><\/div>\n\n<div class=\"et_pb_text_7 et_pb_text et_pb_bg_layout_light et_pb_module et_flex_module preset--module--divi-text--default\"><div class=\"et_pb_text_inner\"><p>Chemie<\/p>\n<\/div><\/div>\n<\/div>\n\n<div class=\"et_pb_column_13 et_pb_column et-last-child et_flex_column et_pb_css_mix_blend_mode_passthrough et_flex_column_24_24 et_flex_column_24_24_tablet et_flex_column_24_24_phone et_flex_column_24_24_tabletWide et_flex_column_24_24_widescreen\">\n<div class=\"et_pb_image_4 et_pb_image et_pb_module et_flex_module\"><span class=\"et_pb_image_wrap\"><img loading=\"lazy\" decoding=\"async\" src=\"https:\/\/www.metalindustriel.com\/wp-content\/uploads\/2025\/05\/Agro-img.png\" title=\"Agro-img\" width=\"370\" height=\"370\" srcset=\"https:\/\/www.metalindustriel.com\/wp-content\/uploads\/2025\/05\/Agro-img.png 370w, https:\/\/www.metalindustriel.com\/wp-content\/uploads\/2025\/05\/Agro-img-300x300.png 300w, https:\/\/www.metalindustriel.com\/wp-content\/uploads\/2025\/05\/Agro-img-150x150.png 150w\" sizes=\"(max-width: 370px) 100vw, 370px\" class=\"wp-image-888\" \/><\/span><\/div>\n\n<div class=\"et_pb_text_8 et_pb_text et_pb_bg_layout_light et_pb_module et_flex_module preset--module--divi-text--default\"><div class=\"et_pb_text_inner\"><p>Lebensmittel und allgemeine Mechanik<\/p>\n<\/div><\/div>\n<\/div>\n<\/div>\n\n<div class=\"et_pb_row_6 et_pb_row et_flex_row\">\n<div class=\"et_pb_column_14 et_pb_column et-last-child et_flex_column et_pb_css_mix_blend_mode_passthrough et_flex_column_24_24 et_flex_column_24_24_tablet et_flex_column_24_24_phone et_flex_column_24_24_tabletWide et_flex_column_24_24_widescreen\">\n<div class=\"et_pb_text_9 et_pb_text et_pb_bg_layout_light et_pb_module et_flex_module preset--module--divi-text--default\"><div class=\"et_pb_text_inner\"><p>Diese Legierung kann f\u00fcr Marineanwendungen, Ventilk\u00f6rper, Mischer, St\u00fctz- und Reibungsteile, Verschraubungen, Armaturen\u2026. verwendet werden.<\/p>\n<\/div><\/div>\n<\/div>\n<\/div>\n<\/div>\n\n<div class=\"et_pb_section_4 et_pb_section et_section_regular et_flex_section\">\n<div class=\"et_pb_row_7 et_pb_row et_flex_row\">\n<div class=\"et_pb_column_15 et_pb_column et-last-child et_flex_column et_pb_css_mix_blend_mode_passthrough et_flex_column_24_24 et_flex_column_24_24_tablet et_flex_column_24_24_phone et_flex_column_24_24_tabletWide et_flex_column_24_24_widescreen\">\n<div class=\"et_pb_code_0 et_pb_code et_pb_module\"><div class=\"et_pb_code_inner\"><div class=\"custom-table-wrapper\">\n  <table class=\"custom-table\">\n    <thead>\n      <tr>\n        <th><\/th>\n        <th>AL<\/th>\n        <th>FE<\/th>\n        <th>NI<\/th>\n        <th>MN<\/th>\n        <th>RM MPA<\/th>\n        <th>RM 02 MPA<\/th>\n        <th>A5 %<\/th>\n      <\/tr>\n    <\/thead>\n    <tbody>\n      <tr><td>CUAL9 NI3FE2<\/td><td>9<\/td><td>2.5<\/td><td>32<\/td><td>0.8<\/td><td>550<\/td><td>220<\/td><td>20<\/td><\/tr>\n      <tr><td>CUAL9NI5FE4 SVTAMS 4880<\/td><td>10<\/td><td>2.75<\/td><td>4.8<\/td><td>0.8<\/td><td>720<\/td><td>430<\/td><td>9<\/td><\/tr>\n      <tr><td>CUAL10 FE2<\/td><td>9.5<\/td><td>3.0<\/td><td><\/td><td><\/td><td>550<\/td><td>200<\/td><td>15<\/td><\/tr>\n      <tr><td>CUAL10 NIF15FE5<\/td><td>10.0<\/td><td>4.5<\/td><td>5.0<\/td><td>1.5<\/td><td>700<\/td><td>300<\/td><td>15<\/td><\/tr>\n      <tr><td>CUAL10NI5FE5 SVT AMS 4881<\/td><td>11.0<\/td><td>5.0<\/td><td>5.0<\/td><td>1.9<\/td><td>895<\/td><td>655<\/td><td>3<\/td><\/tr>\n      <tr><td>CUAL11 NIF16FE6<\/td><td>11.0<\/td><td>5.0<\/td><td>5.5<\/td><td>1.5<\/td><td>750<\/td><td>40<\/td><td>5<\/td><\/tr>\n      <tr><td>CUAL12 NI5FE5<\/td><td>11.5<\/td><td>5.5<\/td><td>5.5<\/td><td>1.0<\/td><td>750<\/td><td>400<\/td><td>7<\/td><\/tr>\n    <\/tbody>\n  <\/table>\n<\/div>\n<\/div><\/div>\n<\/div>\n<\/div>\n\n<div class=\"et_pb_row_8 et_pb_row et_flex_row\">\n<div class=\"et_pb_column_16 et_pb_column et-last-child et_flex_column et_pb_css_mix_blend_mode_passthrough et_flex_column_24_24 et_flex_column_24_24_tablet et_flex_column_24_24_phone et_flex_column_24_24_tabletWide et_flex_column_24_24_widescreen\">\n<div class=\"et_pb_text_10 et_pb_text et_pb_bg_layout_light et_pb_module et_flex_module preset--module--divi-text--default\"><div class=\"et_pb_text_inner\"><p>Unsere Produkte sind mit den folgenden Normen kompatibel. EN1982, Din1714, UNI, ASTM B505, GAM-MM12.<\/p>\n<\/div><\/div>\n\n<div class=\"et_pb_text_11 et_pb_text et_pb_bg_layout_light et_pb_module et_flex_module preset--module--divi-text--default\"><div class=\"et_pb_text_inner\"><p>Die angezeigten Werte sind unverbindliche Durchschnittswerte. Garantierte Minimalwerte ben\u00f6tigen in jedem Fall eine schriftliche Best\u00e4tigung. <\/p>\n<\/div><\/div>\n\n<div class=\"et_pb_module et_pb_button_module_wrapper et_pb_button_5_wrapper\"><a class=\"et_pb_button_5 et_pb_button et_pb_bg_layout_light et_pb_module et_flex_module\" href=\"https:\/\/www.metalindustriel.com\/de\/angebot-anfordern\/\" data-icon=\"i\">Angebot anfordern<\/a><\/div>\n<\/div>\n<\/div>\n<\/div>","protected":false},"excerpt":{"rendered":"","protected":false},"author":1,"featured_media":0,"parent":2959,"menu_order":1,"comment_status":"closed","ping_status":"closed","template":"","meta":{"footnotes":""},"class_list":["post-1253","page","type-page","status-publish","hentry"],"_links":{"self":[{"href":"https:\/\/www.metalindustriel.com\/de\/wp-json\/wp\/v2\/pages\/1253","targetHints":{"allow":["GET"]}}],"collection":[{"href":"https:\/\/www.metalindustriel.com\/de\/wp-json\/wp\/v2\/pages"}],"about":[{"href":"https:\/\/www.metalindustriel.com\/de\/wp-json\/wp\/v2\/types\/page"}],"author":[{"embeddable":true,"href":"https:\/\/www.metalindustriel.com\/de\/wp-json\/wp\/v2\/users\/1"}],"replies":[{"embeddable":true,"href":"https:\/\/www.metalindustriel.com\/de\/wp-json\/wp\/v2\/comments?post=1253"}],"version-history":[{"count":21,"href":"https:\/\/www.metalindustriel.com\/de\/wp-json\/wp\/v2\/pages\/1253\/revisions"}],"predecessor-version":[{"id":3759,"href":"https:\/\/www.metalindustriel.com\/de\/wp-json\/wp\/v2\/pages\/1253\/revisions\/3759"}],"up":[{"embeddable":true,"href":"https:\/\/www.metalindustriel.com\/de\/wp-json\/wp\/v2\/pages\/2959"}],"wp:attachment":[{"href":"https:\/\/www.metalindustriel.com\/de\/wp-json\/wp\/v2\/media?parent=1253"}],"curies":[{"name":"wp","href":"https:\/\/api.w.org\/{rel}","templated":true}]}}