{"id":2418,"date":"2025-05-31T14:38:44","date_gmt":"2025-05-31T14:38:44","guid":{"rendered":"https:\/\/new.metalindustriel.com\/?page_id=2418"},"modified":"2025-10-15T09:48:33","modified_gmt":"2025-10-15T09:48:33","slug":"qualitaetskontrolle","status":"publish","type":"page","link":"https:\/\/www.metalindustriel.com\/de\/dienstleistungen\/qualitaetskontrolle\/","title":{"rendered":"Qualit\u00e4tskontrolle"},"content":{"rendered":"<div class=\"et_pb_section_0 et_pb_section et_section_regular et_flex_section\">\n<div class=\"et_pb_row_0 et_pb_row et_flex_row\">\n<div class=\"et_pb_column_0 et_pb_column et-last-child et_flex_column et_pb_css_mix_blend_mode_passthrough et_flex_column_24_24 et_flex_column_24_24_tablet et_flex_column_24_24_phone et_flex_column_24_24_tabletWide et_flex_column_24_24_widescreen\">\n<div class=\"et_pb_text_0 et_pb_text et_pb_bg_layout_light et_pb_module et_flex_module preset--module--divi-text--default\"><div class=\"et_pb_text_inner\"><p><!-- wp:divi\/placeholder \/--><\/p>\n<\/div><\/div>\n<\/div>\n<\/div>\n\n<div class=\"et_pb_row_1 et_pb_row et_flex_row\">\n<div class=\"et_pb_column_1 et_pb_column et-last-child et_flex_column et_pb_css_mix_blend_mode_passthrough et_flex_column_24_24 et_flex_column_24_24_tablet et_flex_column_24_24_phone et_flex_column_24_24_tabletWide et_flex_column_24_24_widescreen\">\n<div class=\"et_pb_text_1 et_pb_text et_pb_bg_layout_light et_pb_module et_flex_module preset--module--divi-text--default\"><div class=\"et_pb_text_inner\" data-et-mv-hidden-phone=\"true\"><h1>Dienstleistungen<\/h1>\n<\/div><\/div>\n<\/div>\n<\/div>\n<\/div>\n\n<div class=\"et_pb_section_1 et_pb_section et_section_regular et_flex_section\">\n<div class=\"et_pb_row_2 et_pb_row et_flex_row custom-grid\">\n<div class=\"et_pb_column_2 et_pb_column et_flex_column et_pb_css_mix_blend_mode_passthrough et_flex_column_24_24 et_flex_column_24_24_tablet et_flex_column_24_24_phone et_flex_column_24_24_tabletWide et_flex_column_24_24_widescreen row-width-11\">\n<div class=\"et_pb_module et_pb_button_module_wrapper et_pb_button_0_wrapper\"><a class=\"et_pb_button_0 et_pb_button et_pb_bg_layout_light et_pb_module et_flex_module\" href=\"https:\/\/www.metalindustriel.com\/de\/dienstleistungen\/zerspanung\/\">Zerspanung<\/a><\/div>\n<\/div>\n\n<div class=\"et_pb_column_3 et_pb_column et_flex_column et_pb_css_mix_blend_mode_passthrough et_flex_column_24_24 et_flex_column_24_24_tablet et_flex_column_24_24_phone et_flex_column_24_24_tabletWide et_flex_column_24_24_widescreen row-width-22\">\n<div class=\"et_pb_module et_pb_button_module_wrapper et_pb_button_1_wrapper\"><a class=\"et_pb_button_1 et_pb_button et_pb_bg_layout_light et_pb_module et_flex_module\" href=\"https:\/\/www.metalindustriel.com\/de\/dienstleistungen\/auf-laenge-zuschneiden\/\">Auf L\u00e4nge zuschneiden<\/a><\/div>\n<\/div>\n\n<div class=\"et_pb_column_4 et_pb_column et_flex_column et_pb_css_mix_blend_mode_passthrough et_flex_column_24_24 et_flex_column_24_24_tablet et_flex_column_24_24_phone et_flex_column_24_24_tabletWide et_flex_column_24_24_widescreen row-width-3\">\n<div class=\"et_pb_module et_pb_button_module_wrapper et_pb_button_2_wrapper\"><a class=\"et_pb_button_2 et_pb_button et_pb_bg_layout_light et_pb_module et_flex_module\" href=\"https:\/\/www.metalindustriel.com\/de\/dienstleistungen\/forschung-und-entwicklung\/\"> Forschung und Entwicklung<\/a><\/div>\n<\/div>\n\n<div class=\"et_pb_column_5 et_pb_column et_flex_column et_pb_css_mix_blend_mode_passthrough et_flex_column_24_24 et_flex_column_24_24_tablet et_flex_column_24_24_phone et_flex_column_24_24_tabletWide et_flex_column_24_24_widescreen row-width-4\">\n<div class=\"et_pb_module et_pb_button_module_wrapper et_pb_button_3_wrapper\"><a class=\"et_pb_button_3 et_pb_button et_pb_bg_layout_light et_pb_module et_flex_module\" href=\"\">Qualit\u00e4tskontrolle<\/a><\/div>\n<\/div>\n\n<div class=\"et_pb_column_6 et_pb_column et-last-child et_flex_column et_pb_css_mix_blend_mode_passthrough et_flex_column_24_24 et_flex_column_24_24_tablet et_flex_column_24_24_phone et_flex_column_24_24_tabletWide et_flex_column_24_24_widescreen row-width-5\">\n<div class=\"et_pb_module et_pb_button_module_wrapper et_pb_button_4_wrapper\"><a class=\"et_pb_button_4 et_pb_button et_pb_bg_layout_light et_pb_module et_flex_module\" href=\"https:\/\/www.metalindustriel.com\/de\/dienstleistungen\/produktionskapazitaet\/\">Produktionskapazit\u00e4t<\/a><\/div>\n<\/div>\n<\/div>\n<\/div>\n\n<div class=\"et_pb_section_2 et_pb_section et_section_regular et_flex_section\">\n<div class=\"et_pb_row_3 et_pb_row et_flex_row\">\n<div class=\"et_pb_column_7 et_pb_column et_flex_column et_pb_css_mix_blend_mode_passthrough et_flex_column_24_24 et_flex_column_24_24_tablet et_flex_column_24_24_phone et_flex_column_24_24_tabletWide et_flex_column_24_24_widescreen\">\n<div class=\"et_pb_image_0 et_pb_image et_pb_module et_flex_module\"><span class=\"et_pb_image_wrap\"><img loading=\"lazy\" decoding=\"async\" src=\"https:\/\/www.metalindustriel.com\/wp-content\/uploads\/2025\/05\/Quality-Control.jpg\" width=\"548\" height=\"655\" srcset=\"https:\/\/www.metalindustriel.com\/wp-content\/uploads\/2025\/05\/Quality-Control.jpg 548w, https:\/\/www.metalindustriel.com\/wp-content\/uploads\/2025\/05\/Quality-Control-480x574.jpg 480w\" sizes=\"(min-width: 0px) and (max-width: 480px) 480px, (min-width: 481px) 548px, 100vw\" class=\"wp-image-2428\" \/><\/span><\/div>\n<\/div>\n\n<div class=\"et_pb_column_8 et_pb_column et-last-child et_flex_column et_pb_css_mix_blend_mode_passthrough et_flex_column_24_24 et_flex_column_24_24_tablet et_flex_column_24_24_phone et_flex_column_24_24_tabletWide et_flex_column_24_24_widescreen\">\n<div class=\"et_pb_text_2 et_pb_text et_pb_bg_layout_light et_pb_module et_flex_module preset--module--divi-text--default\"><div class=\"et_pb_text_inner\"><h1>QUALIT\u00c4TSKONTROLLE<\/h1>\n<\/div><\/div>\n\n<div class=\"et_pb_text_3 et_pb_text et_pb_bg_layout_light et_pb_module et_flex_module preset--module--divi-text--default\"><div class=\"et_pb_text_inner\"><p>Wir unterhalten strenge Qualit\u00e4tskontrollprozesse, um den h\u00f6chsten Industriestandards und Kundenerwartungen gerecht zu werden.<\/p>\n<h2>Zertifizierung:<\/h2>\n<p>Wir stellen auf Anfrage Konformit\u00e4tsbescheinigungen sowie Zertifikate gem\u00e4\u00df EN 10204 Typ 2.2 und 3.1 aus.<\/p>\n<h2>Einhaltung von Normen:<\/h2>\n<p>Wir halten alle relevanten kundenseitig spezifizierten Normen ein, einschlie\u00dflich EN, DIN, BS, GAMM und ASTM.<\/p>\n<h2>Pr\u00fcfausr\u00fcstung:<\/h2>\n<p>Unsere internen Kapazit\u00e4ten umfassen ein Spektrometer f\u00fcr pr\u00e4zise chemische Analysen und eine Zugpr\u00fcfbank mit Extensometer zur Verifizierung mechanischer Eigenschaften.<\/p>\n<h2>Materialbeschaffung:<\/h2>\n<p>Unser Einkaufsteam beschafft und bewertet aktiv Materialien, um eine konsistente Qualit\u00e4t und Verf\u00fcgbarkeit zu gew\u00e4hrleisten.<\/p>\n<\/div><\/div>\n\n<div class=\"et_pb_text_4 et_pb_text et_pb_bg_layout_light et_pb_module et_flex_module preset--module--divi-text--default\"><div class=\"et_pb_text_inner\"><p> <a href=\"\/documents\/Politique_qualite.pdf\" class=\"submit-button\" rel=\"noopener\"><img loading=\"lazy\" decoding=\"async\" src=\"https:\/\/www.metalindustriel.com\/wp-content\/uploads\/2025\/06\/download-icon.png\" width=\"46\" height=\"46\" alt=\"\" class=\"icon\"> Qualit\u00e4tspolitik<\/a><\/p>\n<p>    <a href=\"\/documents\/Certificat-EN-9100-anglais.pdf\" class=\"submit-button\" rel=\"noopener\"><img loading=\"lazy\" decoding=\"async\" src=\"https:\/\/www.metalindustriel.com\/wp-content\/uploads\/2025\/06\/download-icon.png\" width=\"46\" height=\"46\" alt=\"\" class=\"icon\"> <span>EN 9100 Zertifikat<\/span><\/a><\/p>\n<p>        <a href=\"\/documents\/Certificat-ISO-9001-anglais.pdf\" class=\"submit-button\" rel=\"noopener\"><img loading=\"lazy\" decoding=\"async\" src=\"https:\/\/www.metalindustriel.com\/wp-content\/uploads\/2025\/06\/download-icon.png\" width=\"46\" height=\"46\" alt=\"\" class=\"icon\"> <span>ISO 9001 Zertifikat<\/span><\/a><\/p>\n<p>            <a href=\"\/documents\/Certificat-ISO-50001-fran%C3%A7ais.pdf\" class=\"submit-button\" rel=\"noopener\"><img loading=\"lazy\" decoding=\"async\" src=\"https:\/\/www.metalindustriel.com\/wp-content\/uploads\/2025\/06\/download-icon.png\" width=\"46\" height=\"46\" alt=\"\" class=\"icon\"> <span>ISO 50001 Zertifikat<\/span><\/a><\/p>\n<\/div><\/div>\n<\/div>\n<\/div>\n<\/div>","protected":false},"excerpt":{"rendered":"","protected":false},"author":1,"featured_media":0,"parent":2949,"menu_order":4,"comment_status":"closed","ping_status":"closed","template":"","meta":{"footnotes":""},"class_list":["post-2418","page","type-page","status-publish","hentry"],"_links":{"self":[{"href":"https:\/\/www.metalindustriel.com\/de\/wp-json\/wp\/v2\/pages\/2418","targetHints":{"allow":["GET"]}}],"collection":[{"href":"https:\/\/www.metalindustriel.com\/de\/wp-json\/wp\/v2\/pages"}],"about":[{"href":"https:\/\/www.metalindustriel.com\/de\/wp-json\/wp\/v2\/types\/page"}],"author":[{"embeddable":true,"href":"https:\/\/www.metalindustriel.com\/de\/wp-json\/wp\/v2\/users\/1"}],"replies":[{"embeddable":true,"href":"https:\/\/www.metalindustriel.com\/de\/wp-json\/wp\/v2\/comments?post=2418"}],"version-history":[{"count":16,"href":"https:\/\/www.metalindustriel.com\/de\/wp-json\/wp\/v2\/pages\/2418\/revisions"}],"predecessor-version":[{"id":3999,"href":"https:\/\/www.metalindustriel.com\/de\/wp-json\/wp\/v2\/pages\/2418\/revisions\/3999"}],"up":[{"embeddable":true,"href":"https:\/\/www.metalindustriel.com\/de\/wp-json\/wp\/v2\/pages\/2949"}],"wp:attachment":[{"href":"https:\/\/www.metalindustriel.com\/de\/wp-json\/wp\/v2\/media?parent=2418"}],"curies":[{"name":"wp","href":"https:\/\/api.w.org\/{rel}","templated":true}]}}