{"id":2436,"date":"2025-05-31T14:54:31","date_gmt":"2025-05-31T14:54:31","guid":{"rendered":"https:\/\/new.metalindustriel.com\/?page_id=2436"},"modified":"2025-06-24T14:33:14","modified_gmt":"2025-06-24T14:33:14","slug":"produktionskapazitaet","status":"publish","type":"page","link":"https:\/\/www.metalindustriel.com\/de\/dienstleistungen\/produktionskapazitaet\/","title":{"rendered":"Produktionskapazit\u00e4t"},"content":{"rendered":"<div class=\"et_pb_section_0 et_pb_section et_section_regular et_flex_section\">\n<div class=\"et_pb_row_0 et_pb_row et_flex_row\">\n<div class=\"et_pb_column_0 et_pb_column et-last-child et_flex_column et_pb_css_mix_blend_mode_passthrough et_flex_column_24_24 et_flex_column_24_24_tablet et_flex_column_24_24_phone et_flex_column_24_24_tabletWide et_flex_column_24_24_widescreen\">\n<div class=\"et_pb_text_0 et_pb_text et_pb_bg_layout_light et_pb_module et_flex_module preset--module--divi-text--default\"><div class=\"et_pb_text_inner\"><p><!-- wp:divi\/placeholder \/--><\/p>\n<\/div><\/div>\n<\/div>\n<\/div>\n\n<div class=\"et_pb_row_1 et_pb_row et_flex_row\">\n<div class=\"et_pb_column_1 et_pb_column et-last-child et_flex_column et_pb_css_mix_blend_mode_passthrough et_flex_column_24_24 et_flex_column_24_24_tablet et_flex_column_24_24_phone et_flex_column_24_24_tabletWide et_flex_column_24_24_widescreen\">\n<div class=\"et_pb_text_1 et_pb_text et_pb_bg_layout_light et_pb_module et_flex_module preset--module--divi-text--default\"><div class=\"et_pb_text_inner\" data-et-mv-hidden-phone=\"true\"><h1>Dienstleistungen<\/h1>\n<\/div><\/div>\n<\/div>\n<\/div>\n<\/div>\n\n<div class=\"et_pb_section_1 et_pb_section et_section_regular et_flex_section\">\n<div class=\"et_pb_row_2 et_pb_row et_flex_row custom-grid\">\n<div class=\"et_pb_column_2 et_pb_column et_flex_column et_pb_css_mix_blend_mode_passthrough et_flex_column_24_24 et_flex_column_24_24_tablet et_flex_column_24_24_phone et_flex_column_24_24_tabletWide et_flex_column_24_24_widescreen row-width-11\">\n<div class=\"et_pb_module et_pb_button_module_wrapper et_pb_button_0_wrapper\"><a class=\"et_pb_button_0 et_pb_button et_pb_bg_layout_light et_pb_module et_flex_module\" href=\"https:\/\/www.metalindustriel.com\/de\/dienstleistungen\/zerspanung\/\">Zerspanung<\/a><\/div>\n<\/div>\n\n<div class=\"et_pb_column_3 et_pb_column et_flex_column et_pb_css_mix_blend_mode_passthrough et_flex_column_24_24 et_flex_column_24_24_tablet et_flex_column_24_24_phone et_flex_column_24_24_tabletWide et_flex_column_24_24_widescreen row-width-22\">\n<div class=\"et_pb_module et_pb_button_module_wrapper et_pb_button_1_wrapper\"><a class=\"et_pb_button_1 et_pb_button et_pb_bg_layout_light et_pb_module et_flex_module\" href=\"https:\/\/www.metalindustriel.com\/de\/dienstleistungen\/auf-laenge-zuschneiden\/\">Auf L\u00e4nge zuschneiden<\/a><\/div>\n<\/div>\n\n<div class=\"et_pb_column_4 et_pb_column et_flex_column et_pb_css_mix_blend_mode_passthrough et_flex_column_24_24 et_flex_column_24_24_tablet et_flex_column_24_24_phone et_flex_column_24_24_tabletWide et_flex_column_24_24_widescreen row-width-3\">\n<div class=\"et_pb_module et_pb_button_module_wrapper et_pb_button_2_wrapper\"><a class=\"et_pb_button_2 et_pb_button et_pb_bg_layout_light et_pb_module et_flex_module\" href=\"https:\/\/www.metalindustriel.com\/de\/dienstleistungen\/forschung-und-entwicklung\/\"> Forschung und Entwicklung<\/a><\/div>\n<\/div>\n\n<div class=\"et_pb_column_5 et_pb_column et_flex_column et_pb_css_mix_blend_mode_passthrough et_flex_column_24_24 et_flex_column_24_24_tablet et_flex_column_24_24_phone et_flex_column_24_24_tabletWide et_flex_column_24_24_widescreen row-width-4\">\n<div class=\"et_pb_module et_pb_button_module_wrapper et_pb_button_3_wrapper\"><a class=\"et_pb_button_3 et_pb_button et_pb_bg_layout_light et_pb_module et_flex_module\" href=\"https:\/\/www.metalindustriel.com\/de\/dienstleistungen\/qualitaetskontrolle\/\">Qualit\u00e4tskontrolle<\/a><\/div>\n<\/div>\n\n<div class=\"et_pb_column_6 et_pb_column et-last-child et_flex_column et_pb_css_mix_blend_mode_passthrough et_flex_column_24_24 et_flex_column_24_24_tablet et_flex_column_24_24_phone et_flex_column_24_24_tabletWide et_flex_column_24_24_widescreen row-width-5\">\n<div class=\"et_pb_module et_pb_button_module_wrapper et_pb_button_4_wrapper\"><a class=\"et_pb_button_4 et_pb_button et_pb_bg_layout_light et_pb_module et_flex_module\" href=\"\">Produktionskapazit\u00e4t<\/a><\/div>\n<\/div>\n<\/div>\n<\/div>\n\n<div class=\"et_pb_section_2 et_pb_section et_section_regular et_flex_section\">\n<div class=\"et_pb_row_3 et_pb_row et_flex_row\">\n<div class=\"et_pb_column_7 et_pb_column et_flex_column et_pb_css_mix_blend_mode_passthrough et_flex_column_24_24 et_flex_column_24_24_tablet et_flex_column_24_24_phone et_flex_column_24_24_tabletWide et_flex_column_24_24_widescreen\">\n<div class=\"et_pb_image_0 et_pb_image et_pb_module et_flex_module\"><span class=\"et_pb_image_wrap\"><img loading=\"lazy\" decoding=\"async\" src=\"https:\/\/www.metalindustriel.com\/wp-content\/uploads\/2025\/05\/Production-Capacity.jpg\" width=\"548\" height=\"655\" srcset=\"https:\/\/www.metalindustriel.com\/wp-content\/uploads\/2025\/05\/Production-Capacity.jpg 548w, https:\/\/www.metalindustriel.com\/wp-content\/uploads\/2025\/05\/Production-Capacity-480x574.jpg 480w\" sizes=\"(min-width: 0px) and (max-width: 480px) 480px, (min-width: 481px) 548px, 100vw\" class=\"wp-image-2443\" \/><\/span><\/div>\n<\/div>\n\n<div class=\"et_pb_column_8 et_pb_column et-last-child et_flex_column et_pb_css_mix_blend_mode_passthrough et_flex_column_24_24 et_flex_column_24_24_tablet et_flex_column_24_24_phone et_flex_column_24_24_tabletWide et_flex_column_24_24_widescreen\">\n<div class=\"et_pb_text_2 et_pb_text et_pb_bg_layout_light et_pb_module et_flex_module preset--module--divi-text--default\"><div class=\"et_pb_text_inner\"><h1>Produktionskapazit\u00e4t<\/h1>\n<\/div><\/div>\n\n<div class=\"et_pb_text_3 et_pb_text et_pb_bg_layout_light et_pb_module et_flex_module preset--module--divi-text--default\"><div class=\"et_pb_text_inner\" data-et-mv-hidden-tablet=\"true\"><h2>Horizontales und vertikales Stranggie\u00dfen<\/h2>\n<\/div><\/div>\n\n<div class=\"et_pb_code_0 et_pb_code et_pb_module\"><div class=\"et_pb_code_inner\"><style>\n.table-box {\n  border: 2px solid #4399cd;\n  border-radius: 12px;\n  overflow-x: auto;\n  padding: 20px;\n  background-color: #ffffff;\n  max-width: 100%;\n}\n\ntable {\n  width: 100%;\n  border-collapse: collapse;\n  \n  font-size: 16px;\n  color: #515151;\n}\n\nth {\n  text-align: left;\n  padding: 14px 16px;\n  font-weight: bold;\n  color: #4399cd !important;\n  font-size: 18px;\n}\n\ntd {\n  padding: 14px 16px;\n  font-weight: 500;\n}\n\ntbody tr:nth-child(odd) {\n  background-color: #f0f4f8;\n}\n\n@media (max-width: 600px) {\n  table {\n    font-size: 14px;\n  }\n\n  th, td {\n    padding: 10px 12px;\n  }\n}\n<\/style>\n\n\n<div class=\"table-box\">\n  <table>\n    <thead>\n      <tr>\n        <th><\/th>\n        <th>Au\u00dfenma\u00df<\/th>\n<th>Innenma\u00df<\/th>\n      <\/tr>\n    <\/thead>\n    <tbody>\n      <tr>\n        <td>Rund<\/td>\n        <td>20 bis 220 mm<\/td>\n        <td><\/td>\n      <\/tr>\n      <tr>\n        <td>Rohr<\/td>\n        <td>23 bis 220 mm<\/td>\n        <td>18 bis 195 mm<\/td>\n      <\/tr>\n      <tr>\n        <td>Flach<\/td>\n        <td>Breite<\/td>\n        <td>H\u00f6he<\/td>\n      <\/tr>\n      \n      \n       <tr>\n        <td>Minimum<\/td>\n        <td>10 mm<\/td>\n        <td>10 mm<\/td>\n      <\/tr>\n      \n      \n       <tr>\n        <td>Maximum<\/td>\n        <td>350 mm<\/td>\n        <td>125 mm\n<\/td>\n      <\/tr>\n      \n      \n       <tr>\n        <td>Profil<\/td>\n        <td>Auf Anfrage<\/td>\n        <td><\/td>\n      <\/tr>\n    <\/tbody>\n  <\/table>\n<\/div>\n<\/div><\/div>\n<\/div>\n<\/div>\n<\/div>\n\n<div class=\"et_pb_section_3 et_pb_section et_section_regular et_flex_section\">\n<div class=\"et_pb_row_4 et_pb_row et_flex_row\">\n<div class=\"et_pb_column_9 et_pb_column et-last-child et_flex_column et_pb_css_mix_blend_mode_passthrough et_flex_column_24_24 et_flex_column_24_24_tablet et_flex_column_24_24_phone et_flex_column_24_24_tabletWide et_flex_column_24_24_widescreen\">\n<div class=\"et_pb_text_4 et_pb_text et_pb_bg_layout_light et_pb_module et_flex_module preset--module--divi-text--default\"><div class=\"et_pb_text_inner\" data-et-mv-hidden-tablet=\"true\"><h2>Schleuderguss - CC<\/h2>\n<\/div><\/div>\n\n<div class=\"et_pb_code_1 et_pb_code et_pb_module\"><div class=\"et_pb_code_inner\"><style>\n.table-box {\n  border: 2px solid #2980b9;\n  border-radius: 12px;\n  overflow-x: auto;\n  padding: 20px;\n  background-color: #ffffff;\n  max-width: 100%;\n}\n\ntable {\n  width: 100%;\n  border-collapse: collapse;\n  font-family: 'Arial', sans-serif;\n  font-size: 16px;\n  color: #333;\n}\n\nth {\n  text-align: left;\n  padding: 14px 16px;\n  font-weight: bold;\n  color: #2980b9;\n  font-size: 18px;\n}\n\ntd {\n  padding: 14px 16px;\n  font-weight: 500;\n}\n\ntbody tr:nth-child(odd) {\n  background-color: #f0f4f8;\n}\n\n@media (max-width: 600px) {\n  table {\n    font-size: 14px;\n  }\n\n  th, td {\n    padding: 10px 12px;\n  }\n}\n<\/style>\n\n<div class=\"table-box\">\n  <table>\n    <thead>\n      <tr>\n        <td>Rund<\/td>\n        <td>170 bis 580 mm<\/td>\n       \n      <\/tr>\n    <\/thead>\n    <tbody>\n      <tr>\n        <td>Rohr<\/td>\n<td>Kern mindestens 100 mm<\/td>\n        \n      <\/tr>\n      \n      \n      <tr>\n        <td><\/td>\n        <td><b>MAXIMALE L\u00c4NGE 500 bis 600 MM abh\u00e4ngig vom Au\u00dfendurchmesser<\/b><\/td>\n        \n      <\/tr>\n    <\/tbody>\n  <\/table>\n<\/div>\n<\/div><\/div>\n<\/div>\n<\/div>\n<\/div>","protected":false},"excerpt":{"rendered":"","protected":false},"author":1,"featured_media":0,"parent":2949,"menu_order":3,"comment_status":"closed","ping_status":"closed","template":"","meta":{"footnotes":""},"class_list":["post-2436","page","type-page","status-publish","hentry"],"_links":{"self":[{"href":"https:\/\/www.metalindustriel.com\/de\/wp-json\/wp\/v2\/pages\/2436","targetHints":{"allow":["GET"]}}],"collection":[{"href":"https:\/\/www.metalindustriel.com\/de\/wp-json\/wp\/v2\/pages"}],"about":[{"href":"https:\/\/www.metalindustriel.com\/de\/wp-json\/wp\/v2\/types\/page"}],"author":[{"embeddable":true,"href":"https:\/\/www.metalindustriel.com\/de\/wp-json\/wp\/v2\/users\/1"}],"replies":[{"embeddable":true,"href":"https:\/\/www.metalindustriel.com\/de\/wp-json\/wp\/v2\/comments?post=2436"}],"version-history":[{"count":13,"href":"https:\/\/www.metalindustriel.com\/de\/wp-json\/wp\/v2\/pages\/2436\/revisions"}],"predecessor-version":[{"id":3609,"href":"https:\/\/www.metalindustriel.com\/de\/wp-json\/wp\/v2\/pages\/2436\/revisions\/3609"}],"up":[{"embeddable":true,"href":"https:\/\/www.metalindustriel.com\/de\/wp-json\/wp\/v2\/pages\/2949"}],"wp:attachment":[{"href":"https:\/\/www.metalindustriel.com\/de\/wp-json\/wp\/v2\/media?parent=2436"}],"curies":[{"name":"wp","href":"https:\/\/api.w.org\/{rel}","templated":true}]}}