{"id":3017,"date":"2025-05-22T15:41:25","date_gmt":"2025-05-22T15:41:25","guid":{"rendered":"https:\/\/new.metalindustriel.com\/produkte-2\/glasherstellung\/"},"modified":"2025-07-23T14:07:03","modified_gmt":"2025-07-23T14:07:03","slug":"glasherstellung","status":"publish","type":"page","link":"https:\/\/www.metalindustriel.com\/de\/produkte\/glasherstellung\/","title":{"rendered":"Speziallegierungen f\u00fcr die Glasindustrie"},"content":{"rendered":"<div class=\"et_pb_section_0 et_pb_section et_section_regular et_flex_section\">\n<div class=\"et_pb_row_0 et_pb_row et_flex_row\">\n<div class=\"et_pb_column_0 et_pb_column et-last-child et_flex_column et_pb_css_mix_blend_mode_passthrough et_flex_column_24_24 et_flex_column_24_24_tablet et_flex_column_24_24_phone et_flex_column_24_24_tabletWide et_flex_column_24_24_widescreen\">\n<div class=\"et_pb_text_0 et_pb_text et_pb_bg_layout_light et_pb_module et_flex_module preset--module--divi-text--default\"><div class=\"et_pb_text_inner\"><p><!-- wp:divi\/placeholder \/--><\/p>\n<\/div><\/div>\n<\/div>\n<\/div>\n\n<div class=\"et_pb_row_1 et_pb_row et_flex_row\">\n<div class=\"et_pb_column_1 et_pb_column et-last-child et_flex_column et_pb_css_mix_blend_mode_passthrough et_flex_column_24_24 et_flex_column_24_24_tablet et_flex_column_24_24_phone et_flex_column_24_24_tabletWide et_flex_column_24_24_widescreen\">\n<div class=\"et_pb_text_1 et_pb_text et_pb_bg_layout_light et_pb_module et_flex_module preset--module--divi-text--default\"><div class=\"et_pb_text_inner\" data-et-mv-hidden-phone=\"true\"><h1>Produkte<\/h1>\n<\/div><\/div>\n<\/div>\n<\/div>\n<\/div>\n\n<div class=\"et_pb_section_1 et_pb_section et_section_regular et_flex_section\">\n<div class=\"et_pb_row_2 et_pb_row et_flex_row custom-grid\">\n<div class=\"et_pb_column_2 et_pb_column et_flex_column et_pb_css_mix_blend_mode_passthrough et_flex_column_24_24 et_flex_column_24_24_tablet et_flex_column_24_24_tabletWide et_flex_column_24_24_widescreen\">\n<div class=\"et_pb_module et_pb_button_module_wrapper et_pb_button_0_wrapper\"><a class=\"et_pb_button_0 et_pb_button et_pb_bg_layout_light et_pb_module et_flex_module\" href=\"https:\/\/www.metalindustriel.com\/de\/produkte\/aluminium-bronze\/\">Aluminium-Bronze<\/a><\/div>\n<\/div>\n\n<div class=\"et_pb_column_3 et_pb_column et_flex_column et_pb_css_mix_blend_mode_passthrough et_flex_column_24_24 et_flex_column_24_24_tablet et_flex_column_24_24_phone et_flex_column_24_24_tabletWide et_flex_column_24_24_widescreen\">\n<div class=\"et_pb_module et_pb_button_module_wrapper et_pb_button_1_wrapper\"><a class=\"et_pb_button_1 et_pb_button et_pb_bg_layout_light et_pb_module et_flex_module\" href=\"https:\/\/www.metalindustriel.com\/de\/produkte\/kupfer-nickel-legierungen\/\">Kupfer-Nickel-Legierungen<\/a><\/div>\n<\/div>\n\n<div class=\"et_pb_column_4 et_pb_column et_flex_column et_pb_css_mix_blend_mode_passthrough et_flex_column_24_24 et_flex_column_24_24_tablet et_flex_column_24_24_phone et_flex_column_24_24_tabletWide et_flex_column_24_24_widescreen\">\n<div class=\"et_pb_module et_pb_button_module_wrapper et_pb_button_2_wrapper\"><a class=\"et_pb_button_2 et_pb_button et_pb_bg_layout_light et_pb_module et_flex_module\" href=\"https:\/\/www.metalindustriel.com\/de\/produkte\/hochfestes-messing\/\">Hochfestes Messing<\/a><\/div>\n<\/div>\n\n<div class=\"et_pb_column_5 et_pb_column et_flex_column et_pb_css_mix_blend_mode_passthrough et_flex_column_24_24 et_flex_column_24_24_tablet et_flex_column_24_24_phone et_flex_column_24_24_tabletWide et_flex_column_24_24_widescreen\">\n<div class=\"et_pb_module et_pb_button_module_wrapper et_pb_button_3_wrapper\"><a class=\"et_pb_button_3 et_pb_button et_pb_bg_layout_light et_pb_module et_flex_module\" href=\"https:\/\/www.metalindustriel.com\/de\/produkte\/zinn-bronze\/\">Zinn-Bronze<\/a><\/div>\n<\/div>\n\n<div class=\"et_pb_column_6 et_pb_column et-last-child et_flex_column et_pb_css_mix_blend_mode_passthrough et_flex_column_24_24 et_flex_column_24_24_tablet et_flex_column_24_24_phone et_flex_column_24_24_tabletWide et_flex_column_24_24_widescreen\">\n<div class=\"et_pb_module et_pb_button_module_wrapper et_pb_button_4_wrapper\"><a class=\"et_pb_button_4 et_pb_button et_pb_bg_layout_light et_pb_module et_flex_module\" href=\"\">Speziallegierungen f\u00fcr die Glasindustrie<\/a><\/div>\n<\/div>\n<\/div>\n<\/div>\n\n<div class=\"et_pb_section_2 et_pb_section et_section_regular et_flex_section\">\n<div class=\"et_pb_row_3 et_pb_row et_flex_row\">\n<div class=\"et_pb_column_7 et_pb_column et_flex_column et_pb_css_mix_blend_mode_passthrough et_flex_column_24_24 et_flex_column_24_24_tablet et_flex_column_24_24_phone et_flex_column_24_24_tabletWide et_flex_column_24_24_widescreen\">\n<div class=\"et_pb_image_0 et_pb_image et_pb_module et_flex_module\"><span class=\"et_pb_image_wrap\"><img loading=\"lazy\" decoding=\"async\" src=\"https:\/\/www.metalindustriel.com\/wp-content\/uploads\/2025\/05\/Glassmaker-img.png\" title=\"Glassmaker-img\" width=\"246\" height=\"246\" srcset=\"https:\/\/www.metalindustriel.com\/wp-content\/uploads\/2025\/05\/Glassmaker-img.png 246w, https:\/\/www.metalindustriel.com\/wp-content\/uploads\/2025\/05\/Glassmaker-img-150x150.png 150w\" sizes=\"(max-width: 246px) 100vw, 246px\" class=\"wp-image-1544\" \/><\/span><\/div>\n<\/div>\n\n<div class=\"et_pb_column_8 et_pb_column et-last-child et_flex_column et_pb_css_mix_blend_mode_passthrough et_flex_column_24_24 et_flex_column_24_24_tablet et_flex_column_24_24_phone et_flex_column_24_24_tabletWide et_flex_column_24_24_widescreen\">\n<div class=\"et_pb_text_2 et_pb_text et_pb_bg_layout_light et_pb_module et_flex_module preset--module--divi-text--default\"><div class=\"et_pb_text_inner\" data-et-mv-hidden-phone=\"true\"><h1>Speziallegierungen f\u00fcr die Glasindustrie<\/h1>\n<\/div><\/div>\n\n<div class=\"et_pb_text_3 et_pb_text et_pb_bg_layout_light et_pb_module et_flex_module preset--module--divi-text--default\"><div class=\"et_pb_text_inner\"><h2>KUPFERLEGIERUNGEN F\u00dcR DIE GLASINDUSTRIE<\/h2>\n<\/div><\/div>\n\n<div class=\"et_pb_text_4 et_pb_text et_pb_bg_layout_light et_pb_module et_flex_module preset--module--divi-text--default\"><div class=\"et_pb_text_inner\" data-et-mv-hidden-phone=\"true\"><p>METAL INDUSTRIEL bietet eine Reihe speziell entwickelter Legierungen f\u00fcr die Glasindustrie an, darunter MISV, MISV-M, MISV-S und MISB. Diese Legierungen sind in verschiedenen Stangenformen erh\u00e4ltlich, die f\u00fcr die Formherstellung ma\u00dfgeschneidert sind, wie etwa halbmondf\u00f6rmige Stangen, die nach Spezifikationen bearbeitet werden, und runde Stangen, die entsprechend den Anforderungen der Endanwendung ausgew\u00e4hlt werden. <\/p>\n<p>Diese Materialien sind ideal f\u00fcr die Herstellung von:  <\/p>\n<ul class=\"cn-list\">\n<li>Ringformen<\/li>\n<li>Fertigungsformen<\/li>\n<li>Vorformb\u00f6den<\/li>\n<li>und f\u00fcr Endbearbeitungen<\/li>\n<\/ul>\n<p>Dank eines gro\u00dfen Bestands an Standardabmessungen und kurzen Produktionsvorlaufzeiten bietet METAL INDUSTRIEL Formenbauern maximale Flexibilit\u00e4t und schnelle Lieferung, selbst f\u00fcr spezialisierte Geometrien.<\/p>\n<\/div><\/div>\n\n<div class=\"et_pb_row_4 et_pb_row et_pb_row_nested et_flex_row\">\n<div class=\"et_pb_column_9 et_pb_column et_flex_column et_pb_css_mix_blend_mode_passthrough et_flex_column_24_24 et_flex_column_24_24_tablet et_flex_column_24_24_phone et_flex_column_24_24_tabletWide et_flex_column_24_24_widescreen\">\n<div class=\"et_pb_text_5 et_pb_text et_pb_bg_layout_light et_pb_module et_flex_module preset--module--divi-text--default\"><div class=\"et_pb_text_inner\"><h4>Rundstangen<\/h4>\n<\/div><\/div>\n<\/div>\n\n<div class=\"et_pb_column_10 et_pb_column et-last-child et_flex_column et_pb_css_mix_blend_mode_passthrough et_flex_column_24_24 et_flex_column_24_24_tablet et_flex_column_24_24_phone et_flex_column_24_24_tabletWide et_flex_column_24_24_widescreen\">\n<div class=\"et_pb_text_6 et_pb_text et_pb_bg_layout_light et_pb_module et_flex_module preset--module--divi-text--default\"><div class=\"et_pb_text_inner\"><p>Hergestellt durch Strangguss in Durchmessern, die 200 mm \u00fcberschreiten k\u00f6nnen. Sie werden f\u00fcr die Herstellung von Formb\u00f6den verwendet. <\/p>\n<\/div><\/div>\n<\/div>\n<\/div>\n\n<div class=\"et_pb_row_5 et_pb_row et_pb_row_nested et_flex_row\">\n<div class=\"et_pb_column_11 et_pb_column et_flex_column et_pb_css_mix_blend_mode_passthrough et_flex_column_24_24 et_flex_column_24_24_tablet et_flex_column_24_24_phone et_flex_column_24_24_tabletWide et_flex_column_24_24_widescreen\">\n<div class=\"et_pb_text_7 et_pb_text et_pb_bg_layout_light et_pb_module et_flex_module preset--module--divi-text--default\"><div class=\"et_pb_text_inner\"><h4>Volle Halbmond<br \/>\n- oder Hohlstangen<\/h4>\n<\/div><\/div>\n<\/div>\n\n<div class=\"et_pb_column_12 et_pb_column et-last-child et_flex_column et_pb_css_mix_blend_mode_passthrough et_flex_column_24_24 et_flex_column_24_24_tablet et_flex_column_24_24_phone et_flex_column_24_24_tabletWide et_flex_column_24_24_widescreen\">\n<div class=\"et_pb_text_8 et_pb_text et_pb_bg_layout_light et_pb_module et_flex_module preset--module--divi-text--default\"><div class=\"et_pb_text_inner\"><p>Hergestellt durch Strangguss, sind diese Stangen in Abmessungen erh\u00e4ltlich, die speziell f\u00fcr die Produktion von Ringformen angepasst sind. Die vollst\u00e4ndige Gr\u00f6\u00dfenpalette ist auf Anfrage erh\u00e4ltlich. <\/p>\n<\/div><\/div>\n<\/div>\n<\/div>\n\n<div class=\"et_pb_row_6 et_pb_row et_pb_row_nested et_flex_row\">\n<div class=\"et_pb_column_13 et_pb_column et_flex_column et_pb_css_mix_blend_mode_passthrough et_flex_column_24_24 et_flex_column_24_24_tablet et_flex_column_24_24_phone et_flex_column_24_24_tabletWide et_flex_column_24_24_widescreen\">\n<div class=\"et_pb_text_9 et_pb_text et_pb_bg_layout_light et_pb_module et_flex_module preset--module--divi-text--default\"><div class=\"et_pb_text_inner\"><h4>Stangen verschiedener Formen<\/h4>\n<\/div><\/div>\n<\/div>\n\n<div class=\"et_pb_column_14 et_pb_column et-last-child et_flex_column et_pb_css_mix_blend_mode_passthrough et_flex_column_24_24 et_flex_column_24_24_tablet et_flex_column_24_24_phone et_flex_column_24_24_tabletWide et_flex_column_24_24_widescreen\">\n<div class=\"et_pb_text_10 et_pb_text et_pb_bg_layout_light et_pb_module et_flex_module preset--module--divi-text--default\"><div class=\"et_pb_text_inner\"><p>Durch Strangguss hergestellt und vorbearbeitet geliefert, sind diese Stangen f\u00fcr die Fertigung von Vorformb\u00f6den und Fertigungsformen konzipiert.<br \/>\n\u201eL\u201c-f\u00f6rmige Stangen sind ebenfalls f\u00fcr die Herstellung von Zangen und anderen spezialisierten Komponenten erh\u00e4ltlich.<\/p>\n<\/div><\/div>\n<\/div>\n<\/div>\n\n<div class=\"et_pb_text_11 et_pb_text et_pb_bg_layout_light et_pb_module et_flex_module preset--module--divi-text--default\"><div class=\"et_pb_text_inner\"><h2>DAS MISV (Metal Industrial Sp\u00e9cial Verrerie)<\/h2>\n<\/div><\/div>\n\n<div class=\"et_pb_text_12 et_pb_text et_pb_bg_layout_light et_pb_module et_flex_module preset--module--divi-text--default\"><div class=\"et_pb_text_inner\"><p>Die MISV-Reihe (einschlie\u00dflich MISV, MISV-M, MISV-S und MISB) besteht aus Kupferlegierungen mit einem Nickelgehalt von \u00fcber 10%, die speziell f\u00fcr die Glasindustrie entwickelt wurden.<\/p>\n<p>Diese Legierungen bieten mechanische und physikalische Eigenschaften, die ideal f\u00fcr die Herstellung von folgenden Komponenten geeignet sind:<\/p>\n<ul class=\"cn-list\">\n<li>Ringformen<\/li>\n<li>Fertigungsformen<\/li>\n<li>Vorformb\u00f6den<\/li>\n<li>Endbearbeitungskomponenten<\/li>\n<\/ul>\n<p>Die MISV-Legierungen sind darauf ausgelegt, den anspruchsvollen Betriebsbedingungen der Glasformenproduktion standzuhalten und bieten au\u00dfergew\u00f6hnliche Best\u00e4ndigkeit gegen:<\/p>\n<ul class=\"cn-list\">\n<li>Arbeitstemperaturen \u00fcber 900\u00b0C<\/li>\n<li>Thermische Schocks und starke mechanische Belastungen<\/li>\n<li>Erosion und Korrosion, verursacht durch Glaszusammensetzung und Schmiermittel<\/li>\n<\/ul>\n<p>Diese Kombination aus Hochtemperaturstabilit\u00e4t, Haltbarkeit und Korrosionsbest\u00e4ndigkeit macht MISV-Legierungen zu einer zuverl\u00e4ssigen Wahl f\u00fcr die Maximierung der Formenlebensdauer und -leistung in kontinuierlichen Produktionsumgebungen.<\/p>\n<\/div><\/div>\n<\/div>\n<\/div>\n<\/div>\n\n<div class=\"et_pb_section_3 et_pb_section et_section_regular et_flex_section\">\n<div class=\"et_pb_row_7 et_pb_row et_flex_row\">\n<div class=\"et_pb_column_15 et_pb_column et_flex_column et_pb_css_mix_blend_mode_passthrough et_flex_column_24_24 et_flex_column_24_24_tablet et_flex_column_24_24_phone et_flex_column_24_24_tabletWide et_flex_column_24_24_widescreen\">\n<div class=\"et_pb_text_13 et_pb_text et_pb_bg_layout_light et_pb_module et_flex_module preset--module--divi-text--default\"><div class=\"et_pb_text_inner\"><h2>VORTEILE DES STRANGGUSSVERFAHRENS<\/h2>\n<\/div><\/div>\n\n<div class=\"et_pb_text_14 et_pb_text et_pb_bg_layout_light et_pb_module et_flex_module preset--module--divi-text--default\"><div class=\"et_pb_text_inner\"><p>Die Herstellung von MISV-Halbzeugen durch Strangguss bietet eine hocheffiziente und wirtschaftliche L\u00f6sung f\u00fcr die Fertigung von Formen, die in der Produktion von Flaschen und anderen Glasbeh\u00e4ltern verwendet werden.<\/p>\n<h2>Wesentliche metallurgische Vorteile:<\/h2>\n<\/div><\/div>\n\n<div class=\"et_pb_text_15 et_pb_text et_pb_bg_layout_light et_pb_module et_flex_module preset--module--divi-text--default\"><div class=\"et_pb_text_inner\"><ul class=\"cn-list-2\">\n<li>Porenfreies Metall<\/li>\n<li>Feinere und homogenere Kornstruktur im Vergleich zum Sand- oder Kokillenguss<\/li>\n<li>Diese erh\u00f6hte Legierungshomogenit\u00e4t tr\u00e4gt zu einer h\u00f6heren H\u00e4rte und verbesserten W\u00e4rmeleitf\u00e4higkeit bei<\/li>\n<\/ul>\n<\/div><\/div>\n\n<div class=\"et_pb_text_16 et_pb_text et_pb_bg_layout_light et_pb_module et_flex_module preset--module--divi-text--default\"><div class=\"et_pb_text_inner\"><h2>Die daraus resultierenden betrieblichen Vorteile sind:<\/h2>\n<\/div><\/div>\n\n<div class=\"et_pb_text_17 et_pb_text et_pb_bg_layout_light et_pb_module et_flex_module preset--module--divi-text--default\"><div class=\"et_pb_text_inner\"><ul class=\"cn-list-2\">\n<li>Reduzierte Bearbeitungskosten<\/li>\n<li>Verl\u00e4ngerte Lebensdauer der Formen<\/li>\n<li>Glattere, sauberere Oberfl\u00e4che, die eine pr\u00e4zise Bearbeitung von Anfang an erm\u00f6glicht<\/li>\n<li>In vielen F\u00e4llen minimiert die endkonturnahe Gie\u00dftechnik sowohl Materialverschwendung als auch Bearbeitungszeit<\/li>\n<li>Strangguss verbessert nicht nur die Leistung, sondern bietet auch einen kosteng\u00fcnstigen Weg zur hochwertigen Formenproduktion.<\/li>\n<\/ul>\n<\/div><\/div>\n<\/div>\n\n<div class=\"et_pb_column_16 et_pb_column et-last-child et_flex_column et_pb_css_mix_blend_mode_passthrough et_flex_column_24_24 et_flex_column_24_24_tablet et_flex_column_24_24_phone et_flex_column_24_24_tabletWide et_flex_column_24_24_widescreen\">\n<div class=\"et_pb_image_1 et_pb_image et_pb_module et_flex_module\"><span class=\"et_pb_image_wrap\"><img loading=\"lazy\" decoding=\"async\" src=\"https:\/\/www.metalindustriel.com\/wp-content\/uploads\/2025\/05\/Casting-img.png\" title=\"Casting-img\" width=\"682\" height=\"683\" srcset=\"https:\/\/www.metalindustriel.com\/wp-content\/uploads\/2025\/05\/Casting-img.png 682w, https:\/\/www.metalindustriel.com\/wp-content\/uploads\/2025\/05\/Casting-img-480x481.png 480w\" sizes=\"(min-width: 0px) and (max-width: 480px) 480px, (min-width: 481px) 682px, 100vw\" class=\"wp-image-1538\" \/><\/span><\/div>\n<\/div>\n<\/div>\n<\/div>\n\n<div class=\"et_pb_section_4 et_pb_section et_section_regular et_flex_section\">\n<div class=\"et_pb_row_8 et_pb_row et_flex_row\">\n<div class=\"et_pb_column_17 et_pb_column et-last-child et_flex_column et_pb_css_mix_blend_mode_passthrough et_flex_column_24_24 et_flex_column_24_24_tablet et_flex_column_24_24_phone et_flex_column_24_24_tabletWide et_flex_column_24_24_widescreen\">\n<div class=\"et_pb_code_0 et_pb_code et_pb_module\"><div class=\"et_pb_code_inner\"><div class=\"custom-table-wrapper\">\n  <table class=\"custom-table\">\n    <thead>\n      <tr>\n        <th><\/th>\n        <th>NI<\/th>\n        <th>AL<\/th>\n        <th>ZN<\/th>\n        <th>FE<\/th>\n        <th>PB<\/th>\n        <th>CU<\/th>\n    \n      <\/tr>\n    <\/thead>\n    <tbody>\n      \n      \n      <tr><td>MISV 190 bis 230 HB<\/td><td>10 bis 12<\/td><td>7 bis 10<\/td><td>bis 1,2  <\/td><td>1  <\/td><td>0.1<\/td><td>Rest<\/td>\n        \n        \n        \n      \n  <\/tr>\n      \n      \n      \n      \n    <\/tbody>\n  <\/table>\n<\/div>\n<\/div><\/div>\n\n<div class=\"et_pb_code_1 et_pb_code et_pb_module\"><div class=\"et_pb_code_inner\"><div class=\"custom-table-wrapper\">\n  <table class=\"custom-table\">\n    <thead>\n      <tr>\n        <th><\/th>\n        <th>NI<\/th>\n        <th>AL<\/th>\n        <th>ZN<\/th>\n        <th>FE<\/th>\n        <th>PB<\/th>\n        <th>CU<\/th>\n        <th>SN<\/th>\n        <th>SI<\/th>\n        <th>MN<\/th>\n        <th>P<\/th>\n        <th>S<\/th>\n        \n        \n        \n      <\/tr>\n      \n      \n    <\/thead>\n    \n    \n    <tbody>\n      <tr><td>MISB 210 bis  <\/td><td>14 bis<\/td><td>9 bis<\/td><td>7,5 bis<\/td><td>0,8 bis<\/td><td>0 bis  <\/td><td>Rest<\/td><td>0 bis<\/td><td>0,9 bis<\/td>\n        <td>0,05 bis<\/td>\n        <td>0 bis<\/td>\n        <td>0 bis<\/td>\n      \n  <\/tr>\n      \n      \n      \n       <tr><td>230 HB<\/td><td>16  <\/td><td>10<\/td><td>9.5  <\/td><td>1  <\/td><td>0.15  <\/td><td><\/td><td>0,1<\/td><td>1,1 <\/td>\n        <td>0,15<\/td>\n        <td>0,15 <\/td>\n        <td>0,02 <\/td> \n      \n  <\/tr>\n      \n      \n      \n \n      \n \n      \n      \n    <\/tbody>\n  <\/table>\n<\/div>\n<\/div><\/div>\n\n<div class=\"et_pb_code_2 et_pb_code et_pb_module\"><div class=\"et_pb_code_inner\"><div class=\"custom-table-wrapper\">\n  <table class=\"custom-table\">\n    <thead>\n      <tr>\n        <th><\/th>\n        <th>NI<\/th>\n        <th>AL<\/th>\n        <th>ZN<\/th>\n        <th>FE<\/th>\n        <th>PB<\/th>\n        <th>CU<\/th>\n         <th>MN<\/th>\n        \n    \n      <\/tr>\n    <\/thead>\n    <tbody>\n      \n      \n      <tr><td>MISV 190 bis 240 HB<\/td><td>14,5 bis 16<\/td><td>8 bis 10<\/td><td>7 bis 10  <\/td><td> 1<\/td><td>   0,15  <\/td><td>Rest<\/td> <td>   0,15  <\/td>\n        \n        \n        \n      \n  <\/tr>\n      \n      \n      \n      \n    <\/tbody>\n  <\/table>\n<\/div>\n<\/div><\/div>\n\n<div class=\"et_pb_code_3 et_pb_code et_pb_module\"><div class=\"et_pb_code_inner\"><div class=\"custom-table-wrapper\">\n  <table class=\"custom-table\">\n    <thead>\n      <tr>\n        <th><\/th>\n        <th>NI<\/th>\n        <th>AL<\/th>\n        <th>ZN<\/th>\n        <th>FE<\/th>\n        <th>PB<\/th>\n        <th>CU<\/th>\n         <th>MN<\/th>\n        <th>\u2211ME<\/th>\n    \n      <\/tr>\n    <\/thead>\n    <tbody>\n      \n      \n      <tr><td>MISV 190 bis 240 HB<\/td><td>13 bis 16<\/td><td>7 bis 10<\/td><td>0,10<\/td><td> 1<\/td><td>   0,10  <\/td><td>Rest<\/td> <td>   0,15  <\/td> <td>   1  <\/td>\n        \n        \n        \n      \n  <\/tr>\n      \n      \n      \n      \n    <\/tbody>\n  <\/table>\n<\/div>\n<\/div><\/div>\n<\/div>\n<\/div>\n\n<div class=\"et_pb_row_9 et_pb_row et_flex_row\">\n<div class=\"et_pb_column_18 et_pb_column et-last-child et_flex_column et_pb_css_mix_blend_mode_passthrough et_flex_column_24_24 et_flex_column_24_24_tablet et_flex_column_24_24_phone et_flex_column_24_24_tabletWide et_flex_column_24_24_widescreen\">\n<div class=\"et_pb_text_18 et_pb_text et_pb_bg_layout_light et_pb_module et_flex_module preset--module--divi-text--default\"><div class=\"et_pb_text_inner\"><p>Die angezeigten Werte sind unverbindliche Durchschnittswerte. Garantierte Minimalwerte ben\u00f6tigen in jedem Fall eine schriftliche Best\u00e4tigung. <\/p>\n<\/div><\/div>\n\n<div class=\"et_pb_text_19 et_pb_text et_pb_bg_layout_light et_pb_module et_flex_module preset--module--divi-text--default\"><div class=\"et_pb_text_inner\"><p>\u00c4quivalent zu: Minox, XX, Silicon Bronze, Eballoy<\/p>\n<\/div><\/div>\n\n<div class=\"et_pb_module et_pb_button_module_wrapper et_pb_button_5_wrapper\"><a class=\"et_pb_button_5 et_pb_button et_pb_bg_layout_light et_pb_module et_flex_module\" href=\"https:\/\/www.metalindustriel.com\/de\/angebot-anfordern\/\" data-icon=\"i\">Angebot anfordern<\/a><\/div>\n<\/div>\n<\/div>\n<\/div>","protected":false},"excerpt":{"rendered":"","protected":false},"author":1,"featured_media":0,"parent":2959,"menu_order":5,"comment_status":"closed","ping_status":"closed","template":"","meta":{"footnotes":""},"class_list":["post-3017","page","type-page","status-publish","hentry"],"_links":{"self":[{"href":"https:\/\/www.metalindustriel.com\/de\/wp-json\/wp\/v2\/pages\/3017","targetHints":{"allow":["GET"]}}],"collection":[{"href":"https:\/\/www.metalindustriel.com\/de\/wp-json\/wp\/v2\/pages"}],"about":[{"href":"https:\/\/www.metalindustriel.com\/de\/wp-json\/wp\/v2\/types\/page"}],"author":[{"embeddable":true,"href":"https:\/\/www.metalindustriel.com\/de\/wp-json\/wp\/v2\/users\/1"}],"replies":[{"embeddable":true,"href":"https:\/\/www.metalindustriel.com\/de\/wp-json\/wp\/v2\/comments?post=3017"}],"version-history":[{"count":14,"href":"https:\/\/www.metalindustriel.com\/de\/wp-json\/wp\/v2\/pages\/3017\/revisions"}],"predecessor-version":[{"id":3960,"href":"https:\/\/www.metalindustriel.com\/de\/wp-json\/wp\/v2\/pages\/3017\/revisions\/3960"}],"up":[{"embeddable":true,"href":"https:\/\/www.metalindustriel.com\/de\/wp-json\/wp\/v2\/pages\/2959"}],"wp:attachment":[{"href":"https:\/\/www.metalindustriel.com\/de\/wp-json\/wp\/v2\/media?parent=3017"}],"curies":[{"name":"wp","href":"https:\/\/api.w.org\/{rel}","templated":true}]}}